{"id":626,"date":"2014-01-15T16:38:40","date_gmt":"2014-01-15T16:38:40","guid":{"rendered":"https:\/\/finestracar.com.br\/?page_id=626"},"modified":"2019-08-14T19:43:29","modified_gmt":"2019-08-14T19:43:29","slug":"empresa","status":"publish","type":"page","link":"https:\/\/finestracar.com.br\/es\/empresa\/","title":{"rendered":"Empresa"},"content":{"rendered":"<p>Finestra Car es una industria localizada en la ciudad de S\u00e3o Paulo \u2013 SP, que hace m\u00e1s de 20 a\u00f1os fabrica ventanas automotrices para las m\u00e1s diversas utilizaciones, como Embarcaciones, Capotas de Fibra, Motorhome y Trailers, Vans, Pick Up\u2019s, Camiones Cerrados y Cabinas de Camiones y Utilitarios.<\/p>\n<p>Fundada el a\u00f1o 1996, la empresa se firm\u00f3 en el mercado de ventanas automotrices y accesorios para las empresas transformadoras de veh\u00edculos especiales. Con la experiencia en desarrollo de nuevos productos, fue a lo largo del tiempo abarcando otros mercados.<\/p>\n<p>Hoy somos una empresa referencia en el segmento de ventanas automotrices. Contando con la amplia experiencia profesional de su fundador \u2013 Sr. Francisco Franchin que acumula m\u00e1s de 40 a\u00f1os de vivencia industrial y tambi\u00e9n con la confianza de nuestros clientes, Finestra Car es hoy referencia en el mercado de ventanas automotrices.<\/p>\n<p>Finestra Car es especialista en la fabricaci\u00f3n de ventanas curvas, visando mantener la geometr\u00eda y dise\u00f1o original de los veh\u00edculos atendidos. Actuamos en el mercado hace m\u00e1s de 20 a\u00f1os y en este amplio per\u00edodo de actividades contamos con los mejores equipos en nuestro proceso productivo, proyectados y adaptados para trabajar con los m\u00e1s variados perfiles en aluminio, adem\u00e1s de hacer uso de la materia prima de mejor calidad disponible en el mercado nacional. Contamos con un cuadro de profesionales altamente calificados y especializados en cada etapa del proceso de producci\u00f3n. Todo esto para que pueda llegar hasta usted un producto de la m\u00e1s alta calidad y confianza en el mercado.<\/p>\n<p>Nuestra empresa est\u00e1 adecuada con todas las normas de seguridad de trabajo especificadas por los \u00f3rganos responsables y tambi\u00e9n con todas las normas t\u00e9cnicas establecidas por la ABNT para vidrios automotrices (NORMA NBR 9491) y vidrios templados (NORMA NBR 14698). Nuestro proveedor de vidrios es certificado por INMETRO en la producci\u00f3n de vidrios automotrices, atestiguando la calidad y seguridad de nuestros productos.<\/p>\n<p>De esta manera, invirtiendo constantemente en la modernizaci\u00f3n de nuestros equipos, procesos y equipo profesional, Finestra Car busca atender a las m\u00e1s diversas necesidades de sus clientes, sea en la calidad de sus productos, sea en la agilidad en procesar y enviar los pedidos.<\/p>\n<p><\/p>\n<p><style>.metragem {position:absolute;}.laranja {background:rgba(255,189,46,.7);width:50%;}<br \/>\n@media (max-width: 576px) {.metragem {position:relative;}.laranja {background:rgba(255,189,46,.7);width:100%;}}<br \/>\n<\/style>\n<\/p>\n<div class=\"w-100 h-100 text-center\">\n<div class=\"justify-content-center d-flex align-items-center w-100 h-50 metragem\">\n<div class=\"p-5 laranja\">\u00c1rea ocupada por nuestra <br>f\u00e1brica de ventanas<p><\/p>\n<h5>1000m\u00b2<\/h5>\n<\/div>\n<\/div>\n<p><img loading=\"lazy\" class=\"img-fluid\" src=\"https:\/\/finestracar.com.br\/wp-content\/uploads\/2018\/12\/finestracar_janelas_automotivas.jpg\" alt=\"\" width=\"800\" height=\"757\"><\/p>\n<\/div>\n<p><a class=\"btn btn-primary my-3 mr-auto\" href=\"\/janelas_automotivas\/#atuacao\">Conozca nuestros productos.<\/a><\/p>\n\n\n<p><\/p>\n","protected":false},"excerpt":{"rendered":"<p>Finestra Car es una industria localizada en la ciudad de S\u00e3o Paulo \u2013 SP, que hace m\u00e1s de 20 a\u00f1os fabrica ventanas automotrices para las m\u00e1s diversas utilizaciones, como Embarcaciones, Capotas de Fibra, Motorhome y Trailers, Vans, Pick Up\u2019s, Camiones Cerrados y Cabinas de Camiones y Utilitarios. Fundada el a\u00f1o 1996, la empresa se firm\u00f3 [&hellip;]<\/p>\n","protected":false},"author":1,"featured_media":0,"parent":0,"menu_order":0,"comment_status":"open","ping_status":"open","template":"","meta":[],"acf":[],"_links":{"self":[{"href":"https:\/\/finestracar.com.br\/es\/wp-json\/wp\/v2\/pages\/626"}],"collection":[{"href":"https:\/\/finestracar.com.br\/es\/wp-json\/wp\/v2\/pages"}],"about":[{"href":"https:\/\/finestracar.com.br\/es\/wp-json\/wp\/v2\/types\/page"}],"author":[{"embeddable":true,"href":"https:\/\/finestracar.com.br\/es\/wp-json\/wp\/v2\/users\/1"}],"replies":[{"embeddable":true,"href":"https:\/\/finestracar.com.br\/es\/wp-json\/wp\/v2\/comments?post=626"}],"version-history":[{"count":0,"href":"https:\/\/finestracar.com.br\/es\/wp-json\/wp\/v2\/pages\/626\/revisions"}],"wp:attachment":[{"href":"https:\/\/finestracar.com.br\/es\/wp-json\/wp\/v2\/media?parent=626"}],"curies":[{"name":"wp","href":"https:\/\/api.w.org\/{rel}","templated":true}]}}